{"id":11,"date":"2016-11-13T11:21:34","date_gmt":"2016-11-13T10:21:34","guid":{"rendered":"http:\/\/www.akama-woippy.fr\/akama-woippy.fr\/?page_id=11"},"modified":"2025-05-26T20:36:30","modified_gmt":"2025-05-26T18:36:30","slug":"11-2","status":"publish","type":"page","link":"https:\/\/www.akama-woippy.fr\/","title":{"rendered":""},"content":{"rendered":"<p><img loading=\"lazy\" decoding=\"async\" class=\"alignnone size-full wp-image-504\" src=\"http:\/\/www.akama-woippy.fr\/wp-content\/uploads\/2022\/09\/banderole-grde_modifie-1-1024x668-1.jpg\" alt=\"\" width=\"1024\" height=\"584\" srcset=\"https:\/\/www.akama-woippy.fr\/wp-content\/uploads\/2022\/09\/banderole-grde_modifie-1-1024x668-1.jpg 1024w, https:\/\/www.akama-woippy.fr\/wp-content\/uploads\/2022\/09\/banderole-grde_modifie-1-1024x668-1-300x171.jpg 300w, https:\/\/www.akama-woippy.fr\/wp-content\/uploads\/2022\/09\/banderole-grde_modifie-1-1024x668-1-768x438.jpg 768w\" sizes=\"(max-width: 709px) 85vw, (max-width: 909px) 67vw, (max-width: 1362px) 62vw, 840px\" \/><\/p>\n<p><strong>Nous sommes affili\u00e9s \u00e0 la F\u00e9d\u00e9ration Fran\u00e7aise de Karat\u00e9 et Disciplines Associ\u00e9es (FFKDA).<\/strong><\/p>\n<p><strong>L\u2019association a pour objet la pratique des Arts Martiaux et Sports de Combat.<\/strong><\/p>\n<p><img loading=\"lazy\" decoding=\"async\" class=\"alignnone size-large wp-image-384\" src=\"http:\/\/www.akama-woippy.fr\/wp-content\/uploads\/2020\/02\/85223894_2897670706951664_3108382447612461056_o-677x1024.jpg\" alt=\"\" width=\"677\" height=\"1024\" srcset=\"https:\/\/www.akama-woippy.fr\/wp-content\/uploads\/2020\/02\/85223894_2897670706951664_3108382447612461056_o-677x1024.jpg 677w, https:\/\/www.akama-woippy.fr\/wp-content\/uploads\/2020\/02\/85223894_2897670706951664_3108382447612461056_o-198x300.jpg 198w, https:\/\/www.akama-woippy.fr\/wp-content\/uploads\/2020\/02\/85223894_2897670706951664_3108382447612461056_o-768x1161.jpg 768w, https:\/\/www.akama-woippy.fr\/wp-content\/uploads\/2020\/02\/85223894_2897670706951664_3108382447612461056_o-1016x1536.jpg 1016w, https:\/\/www.akama-woippy.fr\/wp-content\/uploads\/2020\/02\/85223894_2897670706951664_3108382447612461056_o-1355x2048.jpg 1355w, https:\/\/www.akama-woippy.fr\/wp-content\/uploads\/2020\/02\/85223894_2897670706951664_3108382447612461056_o-1200x1814.jpg 1200w, https:\/\/www.akama-woippy.fr\/wp-content\/uploads\/2020\/02\/85223894_2897670706951664_3108382447612461056_o.jpg 1645w\" sizes=\"(max-width: 677px) 85vw, 677px\" \/> <img loading=\"lazy\" decoding=\"async\" class=\"alignnone  wp-image-406\" src=\"http:\/\/www.akama-woippy.fr\/wp-content\/uploads\/2021\/01\/logo-woippy-2.png\" alt=\"\" width=\"229\" height=\"118\" srcset=\"https:\/\/www.akama-woippy.fr\/wp-content\/uploads\/2021\/01\/logo-woippy-2.png 310w, https:\/\/www.akama-woippy.fr\/wp-content\/uploads\/2021\/01\/logo-woippy-2-300x155.png 300w\" sizes=\"(max-width: 229px) 85vw, 229px\" \/> <img loading=\"lazy\" decoding=\"async\" class=\"wp-image-408 alignright\" src=\"http:\/\/www.akama-woippy.fr\/wp-content\/uploads\/2021\/01\/FFKarate_H_RVB-1.png\" alt=\"\" width=\"261\" height=\"117\" srcset=\"https:\/\/www.akama-woippy.fr\/wp-content\/uploads\/2021\/01\/FFKarate_H_RVB-1.png 638w, https:\/\/www.akama-woippy.fr\/wp-content\/uploads\/2021\/01\/FFKarate_H_RVB-1-300x134.png 300w\" sizes=\"(max-width: 261px) 85vw, 261px\" \/><\/p>\n<p><img loading=\"lazy\" decoding=\"async\" class=\"alignnone size-large wp-image-235\" src=\"http:\/\/www.akama-woippy.fr\/wp-content\/uploads\/2016\/11\/LOGO-AKAMA-10-ans_modifi\u00e9-1-1024x496.jpg\" alt=\"\" width=\"840\" height=\"407\" srcset=\"https:\/\/www.akama-woippy.fr\/wp-content\/uploads\/2016\/11\/LOGO-AKAMA-10-ans_modifi\u00e9-1-1024x496.jpg 1024w, https:\/\/www.akama-woippy.fr\/wp-content\/uploads\/2016\/11\/LOGO-AKAMA-10-ans_modifi\u00e9-1-300x145.jpg 300w, https:\/\/www.akama-woippy.fr\/wp-content\/uploads\/2016\/11\/LOGO-AKAMA-10-ans_modifi\u00e9-1-768x372.jpg 768w, https:\/\/www.akama-woippy.fr\/wp-content\/uploads\/2016\/11\/LOGO-AKAMA-10-ans_modifi\u00e9-1-1200x581.jpg 1200w\" sizes=\"(max-width: 709px) 85vw, (max-width: 909px) 67vw, (max-width: 1362px) 62vw, 840px\" \/><\/p>\n","protected":false},"excerpt":{"rendered":"<p>Nous sommes affili\u00e9s \u00e0 la F\u00e9d\u00e9ration Fran\u00e7aise de Karat\u00e9 et Disciplines Associ\u00e9es (FFKDA). L\u2019association a pour objet la pratique des Arts Martiaux et Sports de Combat.<\/p>\n","protected":false},"author":1,"featured_media":0,"parent":0,"menu_order":0,"comment_status":"closed","ping_status":"closed","template":"","meta":{"footnotes":""},"_links":{"self":[{"href":"https:\/\/www.akama-woippy.fr\/index.php\/wp-json\/wp\/v2\/pages\/11"}],"collection":[{"href":"https:\/\/www.akama-woippy.fr\/index.php\/wp-json\/wp\/v2\/pages"}],"about":[{"href":"https:\/\/www.akama-woippy.fr\/index.php\/wp-json\/wp\/v2\/types\/page"}],"author":[{"embeddable":true,"href":"https:\/\/www.akama-woippy.fr\/index.php\/wp-json\/wp\/v2\/users\/1"}],"replies":[{"embeddable":true,"href":"https:\/\/www.akama-woippy.fr\/index.php\/wp-json\/wp\/v2\/comments?post=11"}],"version-history":[{"count":21,"href":"https:\/\/www.akama-woippy.fr\/index.php\/wp-json\/wp\/v2\/pages\/11\/revisions"}],"predecessor-version":[{"id":606,"href":"https:\/\/www.akama-woippy.fr\/index.php\/wp-json\/wp\/v2\/pages\/11\/revisions\/606"}],"wp:attachment":[{"href":"https:\/\/www.akama-woippy.fr\/index.php\/wp-json\/wp\/v2\/media?parent=11"}],"curies":[{"name":"wp","href":"https:\/\/api.w.org\/{rel}","templated":true}]}}