{"id":122,"date":"2016-11-13T13:47:57","date_gmt":"2016-11-13T12:47:57","guid":{"rendered":"http:\/\/www.akama-woippy.fr\/akama-woippy.fr\/?page_id=122"},"modified":"2022-09-13T11:19:25","modified_gmt":"2022-09-13T09:19:25","slug":"karate-contact","status":"publish","type":"page","link":"https:\/\/www.akama-woippy.fr\/index.php\/karate-contact\/","title":{"rendered":"KARATE CONTACT"},"content":{"rendered":"<h1 id=\"page_main_title\" class=\"main_title\"><\/h1>\n<div id=\"rows\" class=\"rows\" data-total-pages=\"1\" data-current-page=\"1\">\n<div class=\"page_1 row row_1_columns row_1 first_row last_row\">\n<div class=\"cols\">\n<div class=\"col col_1_columns col_1 first_col last_col\">\n<div class=\" col_content\">\n<p align=\"center\"><img loading=\"lazy\" decoding=\"async\" class=\"alignnone size-full wp-image-506\" src=\"http:\/\/www.akama-woippy.fr\/wp-content\/uploads\/2022\/09\/karate-contact.jpg\" alt=\"\" width=\"870\" height=\"217\" srcset=\"https:\/\/www.akama-woippy.fr\/wp-content\/uploads\/2022\/09\/karate-contact.jpg 870w, https:\/\/www.akama-woippy.fr\/wp-content\/uploads\/2022\/09\/karate-contact-300x75.jpg 300w, https:\/\/www.akama-woippy.fr\/wp-content\/uploads\/2022\/09\/karate-contact-768x192.jpg 768w\" sizes=\"(max-width: 709px) 85vw, (max-width: 909px) 67vw, (max-width: 1362px) 62vw, 840px\" \/><\/p>\n<p align=\"center\">Le \u00ab Karat\u00e9 Light Contact \u00bb ou \u00ab Semi Contact \u00bb est r\u00e9serv\u00e9 aux moins de 18 ans (mais peut \u00e9galement \u00eatre pratiqu\u00e9 par les adultes qui ne souhaitent pas faire de contact) et il consiste \u00e0 r\u00e9aliser un combat avec des touches contr\u00f4l\u00e9es.\u00a0 Les combats de \u00ab Karat\u00e9 Light Contact \u00bb ou \u00ab Semi-Contact \u00bb se d\u00e9roulent sur tatami et les K.O sont interdits.<\/p>\n<p>Le \u00ab Karat\u00e9 Contact \u00bb est une variante qui permet la mise en pratique en toute s\u00e9curit\u00e9 (casque, gants, prot\u00e8ge-tibias et prot\u00e8ge-pieds) des diff\u00e9rentes techniques de pieds et de poings issues du karat\u00e9. Il est diff\u00e9rent du \u00ab Karat\u00e9 Full Contact \u00bb car il se pratique sur un tatami et certaines techniques comme le \u00ab Low-Kick \u00bb sont autoris\u00e9es. En \u00ab Karat\u00e9 Contact \u00bb le K.O est autoris\u00e9.<\/p>\n<p>Le \u00ab Full Contact \u00bb est encore diff\u00e9rent du \u00ab Karat\u00e9 Contact \u00bb car les combats se d\u00e9roulent sur un ring.<\/p>\n<p>\u00ab Avec le ring, l\u2019approche est totalement diff\u00e9rente ! Il n\u2019y a pas d\u2019arr\u00eat de l\u2019arbitre et il faut \u00eatre capable d\u2019esquiver et de se d\u00e9placer pour \u00e9viter de rester dans les cordes \u00bb explique M.Val\u00e9ra.<\/p>\n<p align=\"center\"><iframe loading=\"lazy\" title=\"YouTube video player\" src=\"https:\/\/www.youtube.com\/embed\/HQwVJ6DG7Dc\" width=\"640\" height=\"390\" frameborder=\"0\" allowfullscreen=\"allowfullscreen\" data-mce-fragment=\"1\"><\/iframe><\/p>\n<\/div>\n<\/div>\n<\/div>\n<\/div>\n<\/div>\n","protected":false},"excerpt":{"rendered":"<p>Le \u00ab Karat\u00e9 Light Contact \u00bb ou \u00ab Semi Contact \u00bb est r\u00e9serv\u00e9 aux moins de 18 ans (mais peut \u00e9galement \u00eatre pratiqu\u00e9 par les adultes qui ne souhaitent pas faire de contact) et il consiste \u00e0 r\u00e9aliser un combat avec des touches contr\u00f4l\u00e9es.\u00a0 Les combats de \u00ab Karat\u00e9 Light Contact \u00bb ou \u00ab Semi-Contact &hellip; <a href=\"https:\/\/www.akama-woippy.fr\/index.php\/karate-contact\/\" class=\"more-link\">Continuer la lecture<span class=\"screen-reader-text\"> de &laquo;&nbsp;KARATE CONTACT&nbsp;&raquo;<\/span><\/a><\/p>\n","protected":false},"author":1,"featured_media":0,"parent":0,"menu_order":0,"comment_status":"closed","ping_status":"closed","template":"","meta":{"footnotes":""},"_links":{"self":[{"href":"https:\/\/www.akama-woippy.fr\/index.php\/wp-json\/wp\/v2\/pages\/122"}],"collection":[{"href":"https:\/\/www.akama-woippy.fr\/index.php\/wp-json\/wp\/v2\/pages"}],"about":[{"href":"https:\/\/www.akama-woippy.fr\/index.php\/wp-json\/wp\/v2\/types\/page"}],"author":[{"embeddable":true,"href":"https:\/\/www.akama-woippy.fr\/index.php\/wp-json\/wp\/v2\/users\/1"}],"replies":[{"embeddable":true,"href":"https:\/\/www.akama-woippy.fr\/index.php\/wp-json\/wp\/v2\/comments?post=122"}],"version-history":[{"count":4,"href":"https:\/\/www.akama-woippy.fr\/index.php\/wp-json\/wp\/v2\/pages\/122\/revisions"}],"predecessor-version":[{"id":507,"href":"https:\/\/www.akama-woippy.fr\/index.php\/wp-json\/wp\/v2\/pages\/122\/revisions\/507"}],"wp:attachment":[{"href":"https:\/\/www.akama-woippy.fr\/index.php\/wp-json\/wp\/v2\/media?parent=122"}],"curies":[{"name":"wp","href":"https:\/\/api.w.org\/{rel}","templated":true}]}}