{"id":124,"date":"2016-11-13T13:48:39","date_gmt":"2016-11-13T12:48:39","guid":{"rendered":"http:\/\/www.akama-woippy.fr\/akama-woippy.fr\/?page_id=124"},"modified":"2022-09-13T11:13:16","modified_gmt":"2022-09-13T09:13:16","slug":"muay-thai","status":"publish","type":"page","link":"https:\/\/www.akama-woippy.fr\/index.php\/muay-thai\/","title":{"rendered":"KARATE MIX"},"content":{"rendered":"\n<figure class=\"wp-block-image size-full\"><img loading=\"lazy\" decoding=\"async\" width=\"1000\" height=\"607\" src=\"https:\/\/www.akama-woippy.fr\/wp-content\/uploads\/2022\/09\/1J9A0254-scaled-1.jpg\" alt=\"\" class=\"wp-image-498\" srcset=\"https:\/\/www.akama-woippy.fr\/wp-content\/uploads\/2022\/09\/1J9A0254-scaled-1.jpg 1000w, https:\/\/www.akama-woippy.fr\/wp-content\/uploads\/2022\/09\/1J9A0254-scaled-1-300x182.jpg 300w, https:\/\/www.akama-woippy.fr\/wp-content\/uploads\/2022\/09\/1J9A0254-scaled-1-768x466.jpg 768w\" sizes=\"(max-width: 709px) 85vw, (max-width: 909px) 67vw, (max-width: 1362px) 62vw, 840px\" \/><\/figure>\n\n\n\n<div id=\"rows\" class=\"rows\" data-total-pages=\"1\" data-current-page=\"1\">\n<div class=\"page_1 row row_1_columns row_1 first_row last_row\">\n<div class=\"cols\">\n<div class=\"col col_1_columns col_1 first_col last_col\">\n<div class=\" col_content\">\n<p>&nbsp;<\/p>\n<p>&nbsp;<\/p>\n<p><strong>Le Karat\u00e9 Mix est une synth\u00e8se martiale de l\u2019ensemble des disciplines repr\u00e9sent\u00e9es<\/strong>&nbsp;au sein de la FFK, et qui r\u00e9unit les composantes de percussion debout, projection, immobilisation et soumission. La concr\u00e9tisation de la pratique se traduit par des \u00e9changes sous forme d\u2019assauts pluridimensionnels dans lesquels chacun peut y trouver sa forme de libert\u00e9.<\/p>\n<p>Cette discipline \u00e9volutive est enseign\u00e9e dans un esprit de respect et de partage des valeurs sportives. Elle permet \u00e0 ses pratiquants de s\u2019exprimer pleinement tout en pr\u00e9servant leur s\u00e9curit\u00e9 et leur int\u00e9grit\u00e9 physique.<\/p>\n<\/div>\n<p>Le Karat\u00e9 Mix, de par sa richesse technique et ses diff\u00e9rentes formes d\u2019approche p\u00e9dagogique,&nbsp;<strong>s\u2019adapte parfaitement \u00e0 tous les \u00e2ges et niveaux.<\/strong><\/p>\n<p>&nbsp;<\/p>\n<\/div>\n<\/div>\n<\/div>\n<\/div>\n\n\n\n<figure class=\"wp-block-image size-full\"><img loading=\"lazy\" decoding=\"async\" width=\"772\" height=\"403\" src=\"https:\/\/www.akama-woippy.fr\/wp-content\/uploads\/2022\/09\/72063786_10158104888644769_5159531082969776128_n.jpg\" alt=\"\" class=\"wp-image-499\" srcset=\"https:\/\/www.akama-woippy.fr\/wp-content\/uploads\/2022\/09\/72063786_10158104888644769_5159531082969776128_n.jpg 772w, https:\/\/www.akama-woippy.fr\/wp-content\/uploads\/2022\/09\/72063786_10158104888644769_5159531082969776128_n-300x157.jpg 300w, https:\/\/www.akama-woippy.fr\/wp-content\/uploads\/2022\/09\/72063786_10158104888644769_5159531082969776128_n-768x401.jpg 768w\" sizes=\"(max-width: 772px) 85vw, 772px\" \/><\/figure>\n\n\n\n<figure class=\"wp-block-image size-full\"><img loading=\"lazy\" decoding=\"async\" width=\"900\" height=\"707\" src=\"https:\/\/www.akama-woippy.fr\/wp-content\/uploads\/2022\/09\/73524632_10158222452119769_5719216186936262656_n.jpg\" alt=\"\" class=\"wp-image-501\" srcset=\"https:\/\/www.akama-woippy.fr\/wp-content\/uploads\/2022\/09\/73524632_10158222452119769_5719216186936262656_n.jpg 900w, https:\/\/www.akama-woippy.fr\/wp-content\/uploads\/2022\/09\/73524632_10158222452119769_5719216186936262656_n-300x236.jpg 300w, https:\/\/www.akama-woippy.fr\/wp-content\/uploads\/2022\/09\/73524632_10158222452119769_5719216186936262656_n-768x603.jpg 768w\" sizes=\"(max-width: 709px) 85vw, (max-width: 909px) 67vw, (max-width: 1362px) 62vw, 840px\" \/><\/figure>\n\n\n\n<figure class=\"wp-block-image size-full\"><img loading=\"lazy\" decoding=\"async\" width=\"1000\" height=\"524\" src=\"https:\/\/www.akama-woippy.fr\/wp-content\/uploads\/2022\/09\/47342429_10157320749529769_5701525809349525504_n.jpg\" alt=\"\" class=\"wp-image-502\" srcset=\"https:\/\/www.akama-woippy.fr\/wp-content\/uploads\/2022\/09\/47342429_10157320749529769_5701525809349525504_n.jpg 1000w, https:\/\/www.akama-woippy.fr\/wp-content\/uploads\/2022\/09\/47342429_10157320749529769_5701525809349525504_n-300x157.jpg 300w, https:\/\/www.akama-woippy.fr\/wp-content\/uploads\/2022\/09\/47342429_10157320749529769_5701525809349525504_n-768x402.jpg 768w\" sizes=\"(max-width: 709px) 85vw, (max-width: 909px) 67vw, (max-width: 1362px) 62vw, 840px\" \/><\/figure>\n","protected":false},"excerpt":{"rendered":"<p>&nbsp; &nbsp; Le Karat\u00e9 Mix est une synth\u00e8se martiale de l\u2019ensemble des disciplines repr\u00e9sent\u00e9es&nbsp;au sein de la FFK, et qui r\u00e9unit les composantes de percussion debout, projection, immobilisation et soumission. La concr\u00e9tisation de la pratique se traduit par des \u00e9changes sous forme d\u2019assauts pluridimensionnels dans lesquels chacun peut y trouver sa forme de libert\u00e9. Cette &hellip; <a href=\"https:\/\/www.akama-woippy.fr\/index.php\/muay-thai\/\" class=\"more-link\">Continuer la lecture<span class=\"screen-reader-text\"> de &laquo;&nbsp;KARATE MIX&nbsp;&raquo;<\/span><\/a><\/p>\n","protected":false},"author":1,"featured_media":0,"parent":0,"menu_order":0,"comment_status":"closed","ping_status":"closed","template":"","meta":{"footnotes":""},"_links":{"self":[{"href":"https:\/\/www.akama-woippy.fr\/index.php\/wp-json\/wp\/v2\/pages\/124"}],"collection":[{"href":"https:\/\/www.akama-woippy.fr\/index.php\/wp-json\/wp\/v2\/pages"}],"about":[{"href":"https:\/\/www.akama-woippy.fr\/index.php\/wp-json\/wp\/v2\/types\/page"}],"author":[{"embeddable":true,"href":"https:\/\/www.akama-woippy.fr\/index.php\/wp-json\/wp\/v2\/users\/1"}],"replies":[{"embeddable":true,"href":"https:\/\/www.akama-woippy.fr\/index.php\/wp-json\/wp\/v2\/comments?post=124"}],"version-history":[{"count":7,"href":"https:\/\/www.akama-woippy.fr\/index.php\/wp-json\/wp\/v2\/pages\/124\/revisions"}],"predecessor-version":[{"id":503,"href":"https:\/\/www.akama-woippy.fr\/index.php\/wp-json\/wp\/v2\/pages\/124\/revisions\/503"}],"wp:attachment":[{"href":"https:\/\/www.akama-woippy.fr\/index.php\/wp-json\/wp\/v2\/media?parent=124"}],"curies":[{"name":"wp","href":"https:\/\/api.w.org\/{rel}","templated":true}]}}