{"id":157,"date":"2016-11-18T17:06:44","date_gmt":"2016-11-18T16:06:44","guid":{"rendered":"http:\/\/www.akama-woippy.fr\/?page_id=157"},"modified":"2025-05-26T20:46:03","modified_gmt":"2025-05-26T18:46:03","slug":"instructeurs","status":"publish","type":"page","link":"https:\/\/www.akama-woippy.fr\/index.php\/instructeurs\/","title":{"rendered":"Instructeurs"},"content":{"rendered":"<p><img loading=\"lazy\" decoding=\"async\" class=\"alignnone size-large wp-image-416\" src=\"http:\/\/www.akama-woippy.fr\/wp-content\/uploads\/2021\/01\/10294973_10152489768589769_8852263587690205714_o-1024x888.jpg\" alt=\"\" width=\"840\" height=\"728\" srcset=\"https:\/\/www.akama-woippy.fr\/wp-content\/uploads\/2021\/01\/10294973_10152489768589769_8852263587690205714_o-1024x888.jpg 1024w, https:\/\/www.akama-woippy.fr\/wp-content\/uploads\/2021\/01\/10294973_10152489768589769_8852263587690205714_o-300x260.jpg 300w, https:\/\/www.akama-woippy.fr\/wp-content\/uploads\/2021\/01\/10294973_10152489768589769_8852263587690205714_o-768x666.jpg 768w, https:\/\/www.akama-woippy.fr\/wp-content\/uploads\/2021\/01\/10294973_10152489768589769_8852263587690205714_o-1200x1040.jpg 1200w, https:\/\/www.akama-woippy.fr\/wp-content\/uploads\/2021\/01\/10294973_10152489768589769_8852263587690205714_o.jpg 1501w\" sizes=\"(max-width: 709px) 85vw, (max-width: 909px) 67vw, (max-width: 1362px) 62vw, 840px\" \/><\/p>\n<p><strong>Aur\u00e9lien Targa<\/strong><\/p>\n<ul>\n<li><em><strong>5 \u00e8me Dan FFKDA<\/strong><\/em><\/li>\n<li><em><strong>Dipl\u00f4me d\u2019Instructeur F\u00e9d\u00e9ral FFKDA<\/strong><\/em><\/li>\n<li><em><strong>Brevet de Moniteur F\u00e9d\u00e9ral FFSCDA \/ FFKMDA<\/strong><\/em><\/li>\n<li><em><strong>Dipl\u00f4me d&rsquo;Instructeur F\u00e9d\u00e9ral FMDA<\/strong><\/em><\/li>\n<li><em><strong>Dipl\u00f4me d&rsquo;Instructeur F\u00e9d\u00e9ral UNSSMADA<\/strong><\/em><\/li>\n<li><em><strong>Dipl\u00f4me d&rsquo;Instructeur KAPAP\u00a0 IKA<\/strong><\/em><\/li>\n<li><em><strong>Brevet d&rsquo;Enseignant International CIKAMT<\/strong><\/em><\/li>\n<li><em><strong>Brevet d\u2019\u00c9tat d\u2019\u00c9ducateur Sportif mention Karat\u00e9 Jutsu et Disciplines Associ\u00e9es<\/strong><\/em><\/li>\n<li><em><strong>Dipl\u00f4me d\u2019\u00c9tat Jeunesse, \u00c9ducation Populaire et Sports mention Perfectionnement Sportif<\/strong><\/em><\/li>\n<\/ul>\n<p><img loading=\"lazy\" decoding=\"async\" class=\"alignnone  wp-image-423\" src=\"http:\/\/www.akama-woippy.fr\/wp-content\/uploads\/2021\/01\/27503828_10156543039609769_8003299880187766264_o-920x1024.jpg\" alt=\"\" width=\"402\" height=\"447\" srcset=\"https:\/\/www.akama-woippy.fr\/wp-content\/uploads\/2021\/01\/27503828_10156543039609769_8003299880187766264_o-920x1024.jpg 920w, https:\/\/www.akama-woippy.fr\/wp-content\/uploads\/2021\/01\/27503828_10156543039609769_8003299880187766264_o-269x300.jpg 269w, https:\/\/www.akama-woippy.fr\/wp-content\/uploads\/2021\/01\/27503828_10156543039609769_8003299880187766264_o-768x855.jpg 768w, https:\/\/www.akama-woippy.fr\/wp-content\/uploads\/2021\/01\/27503828_10156543039609769_8003299880187766264_o-1379x1536.jpg 1379w, https:\/\/www.akama-woippy.fr\/wp-content\/uploads\/2021\/01\/27503828_10156543039609769_8003299880187766264_o-1200x1336.jpg 1200w, https:\/\/www.akama-woippy.fr\/wp-content\/uploads\/2021\/01\/27503828_10156543039609769_8003299880187766264_o.jpg 1595w\" sizes=\"(max-width: 402px) 85vw, 402px\" \/><\/p>\n<p><strong>Eddy VOINIER<\/strong><\/p>\n<ul>\n<li><strong> 4\u00e8me Dan FFKDA\u00a0\u00a0\u00a0\u00a0\u00a0\u00a0\u00a0\u00a0\u00a0\u00a0\u00a0\u00a0\u00a0\u00a0\u00a0\u00a0\u00a0\u00a0<\/strong><\/li>\n<li><strong>Instructeur F\u00e9d\u00e9ral &#8211; CQP<\/strong><\/li>\n<li><strong>Moniteur FFKBFCDA<\/strong><\/li>\n<\/ul>\n<p><img loading=\"lazy\" decoding=\"async\" class=\"alignnone  wp-image-421\" src=\"http:\/\/www.akama-woippy.fr\/wp-content\/uploads\/2021\/01\/10264182_10152886722674769_1811305202597571753_o.jpg\" alt=\"\" width=\"401\" height=\"497\" srcset=\"https:\/\/www.akama-woippy.fr\/wp-content\/uploads\/2021\/01\/10264182_10152886722674769_1811305202597571753_o.jpg 804w, https:\/\/www.akama-woippy.fr\/wp-content\/uploads\/2021\/01\/10264182_10152886722674769_1811305202597571753_o-242x300.jpg 242w, https:\/\/www.akama-woippy.fr\/wp-content\/uploads\/2021\/01\/10264182_10152886722674769_1811305202597571753_o-768x952.jpg 768w\" sizes=\"(max-width: 401px) 85vw, 401px\" \/><\/p>\n<p><strong>Alain FABRY<\/strong><\/p>\n<ul>\n<li><strong>3\u00e8me Dan FFKDA<\/strong><\/li>\n<li><strong>Instructeur FFKDA<\/strong><strong>\u00a0\u00a0 \u00a0 \u00a0 \u00a0 \u00a0 \u00a0 \u00a0 \u00a0 \u00a0 \u00a0 \u00a0 \u00a0 \u00a0 \u00a0 \u00a0 \u00a0 \u00a0 \u00a0 \u00a0 <\/strong><\/li>\n<\/ul>\n<address>\u00a0<img loading=\"lazy\" decoding=\"async\" class=\"alignnone  wp-image-415\" src=\"http:\/\/www.akama-woippy.fr\/wp-content\/uploads\/2021\/01\/1013621_10204724324579372_4375392634117931479_n.jpg\" alt=\"\" width=\"393\" height=\"393\" srcset=\"https:\/\/www.akama-woippy.fr\/wp-content\/uploads\/2021\/01\/1013621_10204724324579372_4375392634117931479_n.jpg 264w, https:\/\/www.akama-woippy.fr\/wp-content\/uploads\/2021\/01\/1013621_10204724324579372_4375392634117931479_n-150x150.jpg 150w\" sizes=\"(max-width: 393px) 85vw, 393px\" \/>\u00a0 \u00a0<\/address>\n<address>\u00a0 <strong>Nathan BELJIC<\/strong>\u00a0<\/address>\n<ul>\n<li><strong>3\u00e8me Dan FFKDA<\/strong><\/li>\n<li><strong>Instructeur FFKDA<\/strong><\/li>\n<li><strong>Arbitre Karat\u00e9 Mix<\/strong><\/li>\n<\/ul>\n<address>\u00a0<img loading=\"lazy\" decoding=\"async\" class=\"alignnone  wp-image-422\" src=\"http:\/\/www.akama-woippy.fr\/wp-content\/uploads\/2021\/01\/11149530_10153438949934769_3169314741254298586_o5.jpg\" alt=\"\" width=\"362\" height=\"511\" srcset=\"https:\/\/www.akama-woippy.fr\/wp-content\/uploads\/2021\/01\/11149530_10153438949934769_3169314741254298586_o5.jpg 275w, https:\/\/www.akama-woippy.fr\/wp-content\/uploads\/2021\/01\/11149530_10153438949934769_3169314741254298586_o5-213x300.jpg 213w\" sizes=\"(max-width: 362px) 85vw, 362px\" \/> \u00a0 \u00a0 \u00a0\u00a0\u00a0\u00a0<\/address>\n<address><strong>Maamar ALLAL<\/strong><\/address>\n<ul>\n<li><strong>2\u00e8me Dan FFKDA<br \/>\n<\/strong><\/li>\n<li><strong>Instructeur FFKDA\u00a0\u00a0\u00a0\u00a0\u00a0 <\/strong><strong>\u00a0 \u00a0 \u00a0 \u00a0\u00a0 <\/strong><\/li>\n<\/ul>\n<address><img loading=\"lazy\" decoding=\"async\" class=\"alignnone  wp-image-411\" src=\"http:\/\/www.akama-woippy.fr\/wp-content\/uploads\/2016\/11\/LOGO-AKAMA-2019-JORDAN-853x1024.jpg\" alt=\"\" width=\"398\" height=\"478\" srcset=\"https:\/\/www.akama-woippy.fr\/wp-content\/uploads\/2016\/11\/LOGO-AKAMA-2019-JORDAN-853x1024.jpg 853w, https:\/\/www.akama-woippy.fr\/wp-content\/uploads\/2016\/11\/LOGO-AKAMA-2019-JORDAN-250x300.jpg 250w, https:\/\/www.akama-woippy.fr\/wp-content\/uploads\/2016\/11\/LOGO-AKAMA-2019-JORDAN-768x922.jpg 768w, https:\/\/www.akama-woippy.fr\/wp-content\/uploads\/2016\/11\/LOGO-AKAMA-2019-JORDAN-1279x1536.jpg 1279w, https:\/\/www.akama-woippy.fr\/wp-content\/uploads\/2016\/11\/LOGO-AKAMA-2019-JORDAN-1200x1441.jpg 1200w, https:\/\/www.akama-woippy.fr\/wp-content\/uploads\/2016\/11\/LOGO-AKAMA-2019-JORDAN.jpg 1576w\" sizes=\"(max-width: 398px) 85vw, 398px\" \/> \u00a0\u00a0\u00a0\u00a0\u00a0\u00a0\u00a0\u00a0<\/address>\n<address><strong>\u00a0Jordan BELJIC<\/strong><\/address>\n<ul>\n<li><strong>1er Dan FFKDA<\/strong><\/li>\n<li><strong>Animateur F\u00e9d\u00e9ral\u00a0<\/strong><\/li>\n<\/ul>\n<address>\u00a0<img loading=\"lazy\" decoding=\"async\" class=\"alignnone  wp-image-351\" src=\"http:\/\/www.akama-woippy.fr\/wp-content\/uploads\/2019\/06\/LOGO-AKAMA-2016_fond-black_modifi\u00e9-eric-250x300.jpg\" alt=\"\" width=\"383\" height=\"459\" srcset=\"https:\/\/www.akama-woippy.fr\/wp-content\/uploads\/2019\/06\/LOGO-AKAMA-2016_fond-black_modifi\u00e9-eric-250x300.jpg 250w, https:\/\/www.akama-woippy.fr\/wp-content\/uploads\/2019\/06\/LOGO-AKAMA-2016_fond-black_modifi\u00e9-eric-768x922.jpg 768w, https:\/\/www.akama-woippy.fr\/wp-content\/uploads\/2019\/06\/LOGO-AKAMA-2016_fond-black_modifi\u00e9-eric-853x1024.jpg 853w, https:\/\/www.akama-woippy.fr\/wp-content\/uploads\/2019\/06\/LOGO-AKAMA-2016_fond-black_modifi\u00e9-eric-1200x1441.jpg 1200w, https:\/\/www.akama-woippy.fr\/wp-content\/uploads\/2019\/06\/LOGO-AKAMA-2016_fond-black_modifi\u00e9-eric.jpg 1576w\" sizes=\"(max-width: 383px) 85vw, 383px\" \/><\/address>\n<p><strong>Eric Leisen<\/strong><strong><br \/>\n<\/strong><\/p>\n<ul>\n<li><strong>4\u00e8me Dan\u00a0 FFKDA<\/strong><strong><br \/>\n<\/strong><\/li>\n<li><strong>Instructeur F\u00e9d\u00e9ral\u00a0 &#8211; BPJEPS<br \/>\n<\/strong><\/li>\n<\/ul>\n<address>\u00a0<\/address>\n","protected":false},"excerpt":{"rendered":"<p>Aur\u00e9lien Targa 5 \u00e8me Dan FFKDA Dipl\u00f4me d\u2019Instructeur F\u00e9d\u00e9ral FFKDA Brevet de Moniteur F\u00e9d\u00e9ral FFSCDA \/ FFKMDA Dipl\u00f4me d&rsquo;Instructeur F\u00e9d\u00e9ral FMDA Dipl\u00f4me d&rsquo;Instructeur F\u00e9d\u00e9ral UNSSMADA Dipl\u00f4me d&rsquo;Instructeur KAPAP\u00a0 IKA Brevet d&rsquo;Enseignant International CIKAMT Brevet d\u2019\u00c9tat d\u2019\u00c9ducateur Sportif mention Karat\u00e9 Jutsu et Disciplines Associ\u00e9es Dipl\u00f4me d\u2019\u00c9tat Jeunesse, \u00c9ducation Populaire et Sports mention Perfectionnement Sportif Eddy VOINIER &hellip; <a href=\"https:\/\/www.akama-woippy.fr\/index.php\/instructeurs\/\" class=\"more-link\">Continuer la lecture<span class=\"screen-reader-text\"> de &laquo;&nbsp;Instructeurs&nbsp;&raquo;<\/span><\/a><\/p>\n","protected":false},"author":1,"featured_media":0,"parent":0,"menu_order":0,"comment_status":"closed","ping_status":"closed","template":"","meta":{"footnotes":""},"_links":{"self":[{"href":"https:\/\/www.akama-woippy.fr\/index.php\/wp-json\/wp\/v2\/pages\/157"}],"collection":[{"href":"https:\/\/www.akama-woippy.fr\/index.php\/wp-json\/wp\/v2\/pages"}],"about":[{"href":"https:\/\/www.akama-woippy.fr\/index.php\/wp-json\/wp\/v2\/types\/page"}],"author":[{"embeddable":true,"href":"https:\/\/www.akama-woippy.fr\/index.php\/wp-json\/wp\/v2\/users\/1"}],"replies":[{"embeddable":true,"href":"https:\/\/www.akama-woippy.fr\/index.php\/wp-json\/wp\/v2\/comments?post=157"}],"version-history":[{"count":23,"href":"https:\/\/www.akama-woippy.fr\/index.php\/wp-json\/wp\/v2\/pages\/157\/revisions"}],"predecessor-version":[{"id":608,"href":"https:\/\/www.akama-woippy.fr\/index.php\/wp-json\/wp\/v2\/pages\/157\/revisions\/608"}],"wp:attachment":[{"href":"https:\/\/www.akama-woippy.fr\/index.php\/wp-json\/wp\/v2\/media?parent=157"}],"curies":[{"name":"wp","href":"https:\/\/api.w.org\/{rel}","templated":true}]}}